{"id":1318,"date":"2021-12-27T08:57:46","date_gmt":"2021-12-27T08:57:46","guid":{"rendered":"https:\/\/www.farmakaire.com\/?page_id=1318"},"modified":"2022-08-22T12:25:10","modified_gmt":"2022-08-22T10:25:10","slug":"folipram","status":"publish","type":"page","link":"https:\/\/www.farmakaire.com\/ro\/folipram\/","title":{"rendered":"Folipram"},"content":{"rendered":"\t\t<div data-elementor-type=\"wp-page\" data-elementor-id=\"1318\" class=\"elementor elementor-1318\" data-elementor-post-type=\"page\">\n\t\t\t\t\t\t<section class=\"elementor-section elementor-top-section elementor-element elementor-element-33b57ca elementor-section-height-min-height elementor-section-boxed elementor-section-height-default elementor-section-items-middle\" data-id=\"33b57ca\" data-element_type=\"section\" data-settings=\"{&quot;background_background&quot;:&quot;classic&quot;}\">\n\t\t\t\t\t\t\t<div class=\"elementor-background-overlay\"><\/div>\n\t\t\t\t\t\t\t<div class=\"elementor-container elementor-column-gap-default\">\n\t\t\t\t\t<div class=\"elementor-column elementor-col-50 elementor-top-column elementor-element elementor-element-9d62598\" data-id=\"9d62598\" data-element_type=\"column\">\n\t\t\t<div class=\"elementor-widget-wrap elementor-element-populated\">\n\t\t\t\t\t\t<div class=\"elementor-element elementor-element-e33c929 animated-slow elementor-invisible elementor-widget elementor-widget-heading\" data-id=\"e33c929\" data-element_type=\"widget\" data-settings=\"{&quot;_animation&quot;:&quot;fadeIn&quot;}\" data-widget_type=\"heading.default\">\n\t\t\t\t<div class=\"elementor-widget-container\">\n\t\t\t<h2 class=\"elementor-heading-title elementor-size-default\">Folipram<\/h2>\t\t<\/div>\n\t\t\t\t<\/div>\n\t\t\t\t<div class=\"elementor-element elementor-element-18ea90c elementor-widget elementor-widget-text-editor\" data-id=\"18ea90c\" data-element_type=\"widget\" data-widget_type=\"text-editor.default\">\n\t\t\t\t<div class=\"elementor-widget-container\">\n\t\t\t\t\t\t\t<p>Folipram e un supliment pe baz\u0103 de Folat, vitamin\u0103 biologic activ\u0103, natural\u0103 \u0219i biodisponibil\u0103. Formula Quatrefolic\u00ae e cu totul inovatoare deoarece nu necesit\u0103 activ\u0103ri metabolice \u0219i se folose\u0219te rapid de toate propriet\u0103\u021bile benefice ale folatului pentru bun\u0103starea copiilor, adul\u021bilor \u0219i persoanelor \u00een v\u00e2rst\u0103.<\/p>\t\t\t\t\t\t<\/div>\n\t\t\t\t<\/div>\n\t\t\t\t<div class=\"elementor-element elementor-element-4667877 elementor-widget elementor-widget-button\" data-id=\"4667877\" data-element_type=\"widget\" data-widget_type=\"button.default\">\n\t\t\t\t<div class=\"elementor-widget-container\">\n\t\t\t\t\t\t\t<div class=\"elementor-button-wrapper\">\n\t\t\t\t\t<a class=\"elementor-button elementor-button-link elementor-size-md\" href=\"#scheda\">\n\t\t\t\t\t\t<span class=\"elementor-button-content-wrapper\">\n\t\t\t\t\t\t\t\t\t<span class=\"elementor-button-text\">Ricevi la scheda tecnica<\/span>\n\t\t\t\t\t<\/span>\n\t\t\t\t\t<\/a>\n\t\t\t\t<\/div>\n\t\t\t\t\t\t<\/div>\n\t\t\t\t<\/div>\n\t\t\t\t\t<\/div>\n\t\t<\/div>\n\t\t\t\t<div class=\"elementor-column elementor-col-50 elementor-top-column elementor-element elementor-element-7a2aec4\" data-id=\"7a2aec4\" data-element_type=\"column\">\n\t\t\t<div class=\"elementor-widget-wrap elementor-element-populated\">\n\t\t\t\t\t\t<div class=\"elementor-element elementor-element-0a17066 elementor-widget elementor-widget-image\" data-id=\"0a17066\" data-element_type=\"widget\" data-widget_type=\"image.default\">\n\t\t\t\t<div class=\"elementor-widget-container\">\n\t\t\t\t\t\t\t\t\t\t\t\t\t<img fetchpriority=\"high\" decoding=\"async\" width=\"800\" height=\"534\" src=\"https:\/\/www.farmakaire.com\/wp-content\/uploads\/2021\/12\/folipram_conf-1024x683.png\" class=\"attachment-large size-large wp-image-1031\" alt=\"folipram prodotto\" srcset=\"https:\/\/www.farmakaire.com\/wp-content\/uploads\/2021\/12\/folipram_conf-1024x683.png 1024w, https:\/\/www.farmakaire.com\/wp-content\/uploads\/2021\/12\/folipram_conf-300x200.png 300w, https:\/\/www.farmakaire.com\/wp-content\/uploads\/2021\/12\/folipram_conf-768x512.png 768w, https:\/\/www.farmakaire.com\/wp-content\/uploads\/2021\/12\/folipram_conf-1536x1024.png 1536w, https:\/\/www.farmakaire.com\/wp-content\/uploads\/2021\/12\/folipram_conf-2048x1366.png 2048w\" sizes=\"(max-width: 800px) 100vw, 800px\" \/>\t\t\t\t\t\t\t\t\t\t\t\t\t<\/div>\n\t\t\t\t<\/div>\n\t\t\t\t\t<\/div>\n\t\t<\/div>\n\t\t\t\t\t<\/div>\n\t\t<\/section>\n\t\t\t\t<section class=\"elementor-section elementor-top-section elementor-element elementor-element-a8ba62f elementor-section-boxed elementor-section-height-default elementor-section-height-default\" data-id=\"a8ba62f\" data-element_type=\"section\">\n\t\t\t\t\t\t<div class=\"elementor-container elementor-column-gap-default\">\n\t\t\t\t\t<div class=\"elementor-column elementor-col-100 elementor-top-column elementor-element elementor-element-ba83981\" data-id=\"ba83981\" data-element_type=\"column\">\n\t\t\t<div class=\"elementor-widget-wrap elementor-element-populated\">\n\t\t\t\t\t\t<div class=\"elementor-element elementor-element-b78b4b4 elementor-widget elementor-widget-heading\" data-id=\"b78b4b4\" data-element_type=\"widget\" data-widget_type=\"heading.default\">\n\t\t\t\t<div class=\"elementor-widget-container\">\n\t\t\t<h2 class=\"elementor-heading-title elementor-size-default\">LA CE E BUN<\/h2>\t\t<\/div>\n\t\t\t\t<\/div>\n\t\t\t\t\t<\/div>\n\t\t<\/div>\n\t\t\t\t\t<\/div>\n\t\t<\/section>\n\t\t\t\t<section class=\"elementor-section elementor-top-section elementor-element elementor-element-c611792 elementor-section-boxed elementor-section-height-default elementor-section-height-default\" data-id=\"c611792\" data-element_type=\"section\">\n\t\t\t\t\t\t<div class=\"elementor-container elementor-column-gap-default\">\n\t\t\t\t\t<div class=\"elementor-column elementor-col-50 elementor-top-column elementor-element elementor-element-7164a44\" data-id=\"7164a44\" data-element_type=\"column\">\n\t\t\t<div class=\"elementor-widget-wrap elementor-element-populated\">\n\t\t\t\t\t\t<div class=\"elementor-element elementor-element-d2e816d elementor-widget elementor-widget-heading\" data-id=\"d2e816d\" data-element_type=\"widget\" data-widget_type=\"heading.default\">\n\t\t\t\t<div class=\"elementor-widget-container\">\n\t\t\t<h2 class=\"elementor-heading-title elementor-size-default\">Deficit de Fola\u021bi<br> <h1 style=\"color:#0072BC;font-family:'Montserrat' font-weight: 500;font-size: 20px\">Nu o subestima!<\/h1><\/h2>\t\t<\/div>\n\t\t\t\t<\/div>\n\t\t\t\t<div class=\"elementor-element elementor-element-82e2184 elementor-widget elementor-widget-text-editor\" data-id=\"82e2184\" data-element_type=\"widget\" data-widget_type=\"text-editor.default\">\n\t\t\t\t<div class=\"elementor-widget-container\">\n\t\t\t\t\t\t\t<p>\u00cen timpul sarcinii sau al\u0103pt\u0103rii un aport mic de fola\u021bi cre\u0219te riscul <strong>malforma\u021biilor<\/strong> copilului.<\/p><p>Nivelurile sc\u0103zute de fola\u021bi \u00een s\u00e2nge pot avea, pe deasupra, efecte asupra <strong>fertilit\u0103\u021bii<\/strong> b\u0103rba\u021bilor \u0219i femeilor \u0219i pot diminua probabilitatea de concep\u021bie.<\/p><p>\u0218i persoanele \u00een v\u00e2rst\u0103 sufer\u0103 des de deficit. O cantitate insuficient\u0103 de Fola\u021bi e un factor de risc pentru apari\u021bia bolilor cardiovasculare, din cauza <strong>hiperhomocisteinemiei<\/strong>, \u0219i accelereaz\u0103 dezvoltarea demen\u021belor \u0219i deregl\u0103rilor cognitive.<\/p>\t\t\t\t\t\t<\/div>\n\t\t\t\t<\/div>\n\t\t\t\t\t<\/div>\n\t\t<\/div>\n\t\t\t\t<div class=\"elementor-column elementor-col-50 elementor-top-column elementor-element elementor-element-01692a7\" data-id=\"01692a7\" data-element_type=\"column\">\n\t\t\t<div class=\"elementor-widget-wrap elementor-element-populated\">\n\t\t\t\t\t\t<div class=\"elementor-element elementor-element-35b8a1b elementor-widget elementor-widget-heading\" data-id=\"35b8a1b\" data-element_type=\"widget\" data-widget_type=\"heading.default\">\n\t\t\t\t<div class=\"elementor-widget-container\">\n\t\t\t<h2 class=\"elementor-heading-title elementor-size-default\">St\u0103ri de depresie<br><h1 style=\"color:#0072BC;font-family:'Montserrat' font-weight: 500;font-size: 20px\">Pentru starea ta de zi cu zi<\/h1><\/h2>\t\t<\/div>\n\t\t\t\t<\/div>\n\t\t\t\t<div class=\"elementor-element elementor-element-e4d5cda elementor-widget elementor-widget-text-editor\" data-id=\"e4d5cda\" data-element_type=\"widget\" data-widget_type=\"text-editor.default\">\n\t\t\t\t<div class=\"elementor-widget-container\">\n\t\t\t\t\t\t\t<p>De-a lungul timpului numeroase studii \u0219tiin\u021bifice au demonstrat leg\u0103tura dintre depresie \u0219i nivelurile sc\u0103zute de fola\u021bi din s\u00e2nge. Sprijinul suplimentelor pe baza acestui nutrient, pe l\u00e2ng\u0103 tratamentele standard, ajut\u0103 la combaterea dispozi\u021biei proaste \u0219i episoadelor depresive de lung\u0103 durat\u0103.<\/p><p>\u00a0<\/p><p>Includerea Fola\u021bilor \u00een rutina zilnic\u0103 poate spori produc\u021bia de neurotransmi\u021b\u0103tori cheie pentru reglarea st\u0103rii de bine \u0219i emo\u021biilor, cum ar fi dopamina \u0219i serotonina. Necesarul zilnic recomandat pentru un adult este de 320 \u03bcg pe zi.<\/p>\t\t\t\t\t\t<\/div>\n\t\t\t\t<\/div>\n\t\t\t\t\t<\/div>\n\t\t<\/div>\n\t\t\t\t\t<\/div>\n\t\t<\/section>\n\t\t\t\t<section class=\"elementor-section elementor-top-section elementor-element elementor-element-f793d16 elementor-section-boxed elementor-section-height-default elementor-section-height-default\" data-id=\"f793d16\" data-element_type=\"section\" id=\"form\">\n\t\t\t\t\t\t<div class=\"elementor-container elementor-column-gap-default\">\n\t\t\t\t\t<div class=\"elementor-column elementor-col-50 elementor-top-column elementor-element elementor-element-aebdc9f\" data-id=\"aebdc9f\" data-element_type=\"column\">\n\t\t\t<div class=\"elementor-widget-wrap elementor-element-populated\">\n\t\t\t\t\t\t<div class=\"elementor-element elementor-element-2ed68ae elementor-widget elementor-widget-heading\" data-id=\"2ed68ae\" data-element_type=\"widget\" data-widget_type=\"heading.default\">\n\t\t\t\t<div class=\"elementor-widget-container\">\n\t\t\t<h2 class=\"elementor-heading-title elementor-size-default\">Deficite alimentare \u0219i anemie<br><h1 style=\"color:#0072BC;font-family:'Montserrat' font-weight: 500;font-size: 20px\">Pentru nou-n\u0103scu\u021bi \u0219i copii<\/h1><\/h2>\t\t<\/div>\n\t\t\t\t<\/div>\n\t\t\t\t<div class=\"elementor-element elementor-element-6ebe3bd elementor-widget elementor-widget-text-editor\" data-id=\"6ebe3bd\" data-element_type=\"widget\" data-widget_type=\"text-editor.default\">\n\t\t\t\t<div class=\"elementor-widget-container\">\n\t\t\t\t\t\t\t<p>Pentru bun\u0103starea nou-n\u0103scu\u021bilor, asigurarea unei cantit\u0103\u021bi corespunz\u0103toare de Fola\u021bi e esen\u021bial\u0103. <strong>Quatrefolic\u00ae <\/strong>e nutrientul recomandat pentru sus\u021binerea cre\u0219terii \u021besuturilor \u0219i pentru garantarea func\u021bion\u0103rii normale a globulelor ro\u0219ii \u0219i zonei cerebrale. \u00cen plus, includerea fola\u021bilor \u00een perioada anilor de cre\u0219tere ajut\u0103 la combaterea <strong>anemiei<\/strong>.<\/p>\t\t\t\t\t\t<\/div>\n\t\t\t\t<\/div>\n\t\t\t\t\t<\/div>\n\t\t<\/div>\n\t\t\t\t<div class=\"elementor-column elementor-col-50 elementor-top-column elementor-element elementor-element-da23173\" data-id=\"da23173\" data-element_type=\"column\" data-settings=\"{&quot;background_background&quot;:&quot;classic&quot;}\">\n\t\t\t<div class=\"elementor-widget-wrap elementor-element-populated\">\n\t\t\t\t\t\t<div class=\"elementor-element elementor-element-c71c4ee elementor-widget elementor-widget-heading\" data-id=\"c71c4ee\" data-element_type=\"widget\" data-widget_type=\"heading.default\">\n\t\t\t\t<div class=\"elementor-widget-container\">\n\t\t\t<h2 class=\"elementor-heading-title elementor-size-default\">Vrei s\u0103 afli mai multe?  <br><h1 style=\"color:#fff;font-family:'Montserrat' font-weight: 500;font-size: 28px\">Adaug\u0103 aici informa\u021biile tale!<\/h1><\/h2>\t\t<\/div>\n\t\t\t\t<\/div>\n\t\t\t\t<div class=\"elementor-element elementor-element-dd1a7f8 elementor-widget elementor-widget-text-editor\" data-id=\"dd1a7f8\" data-element_type=\"widget\" data-widget_type=\"text-editor.default\">\n\t\t\t\t<div class=\"elementor-widget-container\">\n\t\t\t\t\t\t\t<p>Unul din exper\u021bii no\u0219tri te va contacta cu mai multe informa\u021bii despre produs \u0219i \u00ee\u021bi va r\u0103spunde la toate \u00eentreb\u0103rile.<\/p>\t\t\t\t\t\t<\/div>\n\t\t\t\t<\/div>\n\t\t\t\t<div class=\"elementor-element elementor-element-c712c57 elementor-button-align-center elementor-widget elementor-widget-form\" data-id=\"c712c57\" data-element_type=\"widget\" data-settings=\"{&quot;step_next_label&quot;:&quot;Next&quot;,&quot;step_previous_label&quot;:&quot;Previous&quot;,&quot;button_width&quot;:&quot;100&quot;,&quot;step_type&quot;:&quot;number_text&quot;,&quot;step_icon_shape&quot;:&quot;circle&quot;}\" data-widget_type=\"form.default\">\n\t\t\t\t<div class=\"elementor-widget-container\">\n\t\t\t\t\t<form class=\"elementor-form\" method=\"post\" name=\"New Form\">\n\t\t\t<input type=\"hidden\" name=\"post_id\" value=\"1318\"\/>\n\t\t\t<input type=\"hidden\" name=\"form_id\" value=\"c712c57\"\/>\n\t\t\t<input type=\"hidden\" name=\"referer_title\" value=\"Farmakaire\" \/>\n\n\t\t\t\n\t\t\t<div class=\"elementor-form-fields-wrapper elementor-labels-\">\n\t\t\t\t\t\t\t\t<div class=\"elementor-field-type-text elementor-field-group elementor-column elementor-field-group-name elementor-col-100 elementor-field-required\">\n\t\t\t\t\t\t\t\t\t\t\t\t\t<input size=\"1\" type=\"text\" name=\"form_fields[name]\" id=\"form-field-name\" class=\"elementor-field elementor-size-md  elementor-field-textual\" placeholder=\"Nume\" required=\"required\" aria-required=\"true\">\n\t\t\t\t\t\t\t\t\t\t\t<\/div>\n\t\t\t\t\t\t\t\t<div class=\"elementor-field-type-email elementor-field-group elementor-column elementor-field-group-email elementor-col-100 elementor-field-required\">\n\t\t\t\t\t\t\t\t\t\t\t\t\t<input size=\"1\" type=\"email\" name=\"form_fields[email]\" id=\"form-field-email\" class=\"elementor-field elementor-size-md  elementor-field-textual\" placeholder=\"E-mail\" required=\"required\" aria-required=\"true\">\n\t\t\t\t\t\t\t\t\t\t\t<\/div>\n\t\t\t\t\t\t\t\t<div class=\"elementor-field-type-textarea elementor-field-group elementor-column elementor-field-group-message elementor-col-100\">\n\t\t\t\t\t<textarea class=\"elementor-field-textual elementor-field  elementor-size-md\" name=\"form_fields[message]\" id=\"form-field-message\" rows=\"4\" placeholder=\"Mesaj (optional)\"><\/textarea>\t\t\t\t<\/div>\n\t\t\t\t\t\t\t\t<div class=\"elementor-field-group elementor-column elementor-field-type-submit elementor-col-100 e-form__buttons\">\n\t\t\t\t\t<button type=\"submit\" class=\"elementor-button elementor-size-md\">\n\t\t\t\t\t\t<span >\n\t\t\t\t\t\t\t\t\t\t\t\t\t\t\t<span class=\" elementor-button-icon\">\n\t\t\t\t\t\t\t\t\t\t\t\t\t\t\t\t\t\t\t\t\t\t\t\t\t\t<\/span>\n\t\t\t\t\t\t\t\t\t\t\t\t\t\t\t\t\t\t\t\t\t\t<span class=\"elementor-button-text\">Send<\/span>\n\t\t\t\t\t\t\t\t\t\t\t\t\t<\/span>\n\t\t\t\t\t<\/button>\n\t\t\t\t<\/div>\n\t\t\t<\/div>\n\t\t<\/form>\n\t\t\t\t<\/div>\n\t\t\t\t<\/div>\n\t\t\t\t\t<\/div>\n\t\t<\/div>\n\t\t\t\t\t<\/div>\n\t\t<\/section>\n\t\t\t\t<section class=\"elementor-section elementor-top-section elementor-element elementor-element-b103e27 elementor-section-boxed elementor-section-height-default elementor-section-height-default elementor-invisible\" data-id=\"b103e27\" data-element_type=\"section\" data-settings=\"{&quot;animation&quot;:&quot;zoomIn&quot;}\">\n\t\t\t\t\t\t<div class=\"elementor-container elementor-column-gap-default\">\n\t\t\t\t\t<div class=\"elementor-column elementor-col-100 elementor-top-column elementor-element elementor-element-a3d94c5\" data-id=\"a3d94c5\" data-element_type=\"column\">\n\t\t\t<div class=\"elementor-widget-wrap elementor-element-populated\">\n\t\t\t\t\t\t<div class=\"elementor-element elementor-element-ff24d1d elementor-hidden-mobile elementor-hidden-desktop elementor-hidden-tablet elementor-widget elementor-widget-video\" data-id=\"ff24d1d\" data-element_type=\"widget\" data-settings=\"{&quot;video_type&quot;:&quot;hosted&quot;,&quot;show_image_overlay&quot;:&quot;yes&quot;,&quot;image_overlay&quot;:{&quot;url&quot;:&quot;https:\\\/\\\/www.farmakaire.com\\\/wp-content\\\/uploads\\\/2021\\\/12\\\/QR-Tensiopram-Landscape_10.jpg&quot;,&quot;id&quot;:995,&quot;size&quot;:&quot;&quot;,&quot;alt&quot;:&quot;&quot;,&quot;source&quot;:&quot;library&quot;},&quot;controls&quot;:&quot;yes&quot;}\" data-widget_type=\"video.default\">\n\t\t\t\t<div class=\"elementor-widget-container\">\n\t\t\t\t\t<div class=\"e-hosted-video elementor-wrapper elementor-open-inline\">\n\t\t\t\t\t<video class=\"elementor-video\" src=\"http:\/\/www.farmakaire.com\/wp-content\/uploads\/2021\/11\/video-folipram-landscape.mp4\" controls=\"\" preload=\"metadata\" controlsList=\"nodownload\"><\/video>\n\t\t\t\t\t\t<div class=\"elementor-custom-embed-image-overlay\" style=\"background-image: url(https:\/\/www.farmakaire.com\/wp-content\/uploads\/2021\/12\/QR-Tensiopram-Landscape_10.jpg);\">\n\t\t\t\t\t\t\t\t\t\t\t\t\t\t\t\t<div class=\"elementor-custom-embed-play\" role=\"button\" aria-label=\"Ruleaz\u0103 videoul\" tabindex=\"0\">\n\t\t\t\t\t\t\t<i aria-hidden=\"true\" class=\"eicon-play\"><\/i>\t\t\t\t\t\t\t<span class=\"elementor-screen-only\">Ruleaz\u0103 videoul<\/span>\n\t\t\t\t\t\t<\/div>\n\t\t\t\t\t\t\t\t\t<\/div>\n\t\t\t\t\t<\/div>\n\t\t\t\t<\/div>\n\t\t\t\t<\/div>\n\t\t\t\t\t<\/div>\n\t\t<\/div>\n\t\t\t\t\t<\/div>\n\t\t<\/section>\n\t\t\t\t<\/div>\n\t\t","protected":false},"excerpt":{"rendered":"<p>Folipram Folipram e un supliment pe baz\u0103 de Folat, vitamin\u0103 biologic activ\u0103, natural\u0103 \u0219i biodisponibil\u0103. Formula Quatrefolic\u00ae e cu totul inovatoare deoarece nu necesit\u0103 activ\u0103ri metabolice \u0219i se folose\u0219te rapid de toate propriet\u0103\u021bile benefice ale folatului pentru bun\u0103starea copiilor, adul\u021bilor \u0219i persoanelor \u00een v\u00e2rst\u0103. Ricevi la scheda tecnica LA CE E BUN Deficit de Fola\u021bi [&hellip;]<\/p>\n","protected":false},"author":1,"featured_media":0,"parent":0,"menu_order":0,"comment_status":"closed","ping_status":"closed","template":"","meta":{"footnotes":""},"class_list":["post-1318","page","type-page","status-publish","hentry"],"yoast_head":"<!-- This site is optimized with the Yoast SEO plugin v24.0 - https:\/\/yoast.com\/wordpress\/plugins\/seo\/ -->\n<title>Folipram | Farmakaire<\/title>\n<meta name=\"robots\" content=\"index, follow, max-snippet:-1, max-image-preview:large, max-video-preview:-1\" \/>\n<link rel=\"canonical\" href=\"https:\/\/www.farmakaire.com\/ro\/folipram\/\" \/>\n<meta property=\"og:locale\" content=\"ro_RO\" \/>\n<meta property=\"og:type\" content=\"article\" \/>\n<meta property=\"og:title\" content=\"Folipram | Farmakaire\" \/>\n<meta property=\"og:description\" content=\"Folipram Folipram e un supliment pe baz\u0103 de Folat, vitamin\u0103 biologic activ\u0103, natural\u0103 \u0219i biodisponibil\u0103. Formula Quatrefolic\u00ae e cu totul inovatoare deoarece nu necesit\u0103 activ\u0103ri metabolice \u0219i se folose\u0219te rapid de toate propriet\u0103\u021bile benefice ale folatului pentru bun\u0103starea copiilor, adul\u021bilor \u0219i persoanelor \u00een v\u00e2rst\u0103. Ricevi la scheda tecnica LA CE E BUN Deficit de Fola\u021bi [&hellip;]\" \/>\n<meta property=\"og:url\" content=\"https:\/\/www.farmakaire.com\/ro\/folipram\/\" \/>\n<meta property=\"og:site_name\" content=\"Farmakaire\" \/>\n<meta property=\"article:modified_time\" content=\"2022-08-22T10:25:10+00:00\" \/>\n<meta property=\"og:image\" content=\"https:\/\/www.farmakaire.com\/wp-content\/uploads\/2021\/12\/folipram_conf-1024x683.png\" \/>\n<meta name=\"twitter:card\" content=\"summary_large_image\" \/>\n<meta name=\"twitter:label1\" content=\"Timp estimat pentru citire\" \/>\n\t<meta name=\"twitter:data1\" content=\"2 minute\" \/>\n<script type=\"application\/ld+json\" class=\"yoast-schema-graph\">{\"@context\":\"https:\/\/schema.org\",\"@graph\":[{\"@type\":\"WebPage\",\"@id\":\"https:\/\/www.farmakaire.com\/ro\/folipram\/\",\"url\":\"https:\/\/www.farmakaire.com\/ro\/folipram\/\",\"name\":\"Folipram | Farmakaire\",\"isPartOf\":{\"@id\":\"https:\/\/www.farmakaire.com\/#website\"},\"primaryImageOfPage\":{\"@id\":\"https:\/\/www.farmakaire.com\/ro\/folipram\/#primaryimage\"},\"image\":{\"@id\":\"https:\/\/www.farmakaire.com\/ro\/folipram\/#primaryimage\"},\"thumbnailUrl\":\"https:\/\/www.farmakaire.com\/wp-content\/uploads\/2021\/12\/folipram_conf-1024x683.png\",\"datePublished\":\"2021-12-27T08:57:46+00:00\",\"dateModified\":\"2022-08-22T10:25:10+00:00\",\"breadcrumb\":{\"@id\":\"https:\/\/www.farmakaire.com\/ro\/folipram\/#breadcrumb\"},\"inLanguage\":\"ro-RO\",\"potentialAction\":[{\"@type\":\"ReadAction\",\"target\":[\"https:\/\/www.farmakaire.com\/ro\/folipram\/\"]}]},{\"@type\":\"ImageObject\",\"inLanguage\":\"ro-RO\",\"@id\":\"https:\/\/www.farmakaire.com\/ro\/folipram\/#primaryimage\",\"url\":\"https:\/\/www.farmakaire.com\/wp-content\/uploads\/2021\/12\/folipram_conf-1024x683.png\",\"contentUrl\":\"https:\/\/www.farmakaire.com\/wp-content\/uploads\/2021\/12\/folipram_conf-1024x683.png\"},{\"@type\":\"BreadcrumbList\",\"@id\":\"https:\/\/www.farmakaire.com\/ro\/folipram\/#breadcrumb\",\"itemListElement\":[{\"@type\":\"ListItem\",\"position\":1,\"name\":\"Home\",\"item\":\"https:\/\/www.farmakaire.com\/ro\/\"},{\"@type\":\"ListItem\",\"position\":2,\"name\":\"Folipram\"}]},{\"@type\":\"WebSite\",\"@id\":\"https:\/\/www.farmakaire.com\/#website\",\"url\":\"https:\/\/www.farmakaire.com\/\",\"name\":\"Farmakaire\",\"description\":\"\",\"publisher\":{\"@id\":\"https:\/\/www.farmakaire.com\/#organization\"},\"potentialAction\":[{\"@type\":\"SearchAction\",\"target\":{\"@type\":\"EntryPoint\",\"urlTemplate\":\"https:\/\/www.farmakaire.com\/?s={search_term_string}\"},\"query-input\":{\"@type\":\"PropertyValueSpecification\",\"valueRequired\":true,\"valueName\":\"search_term_string\"}}],\"inLanguage\":\"ro-RO\"},{\"@type\":\"Organization\",\"@id\":\"https:\/\/www.farmakaire.com\/#organization\",\"name\":\"Farmakaire SRL\",\"url\":\"https:\/\/www.farmakaire.com\/\",\"logo\":{\"@type\":\"ImageObject\",\"inLanguage\":\"ro-RO\",\"@id\":\"https:\/\/www.farmakaire.com\/#\/schema\/logo\/image\/\",\"url\":\"https:\/\/www.farmakaire.com\/wp-content\/uploads\/2021\/10\/logo.png\",\"contentUrl\":\"https:\/\/www.farmakaire.com\/wp-content\/uploads\/2021\/10\/logo.png\",\"width\":782,\"height\":214,\"caption\":\"Farmakaire SRL\"},\"image\":{\"@id\":\"https:\/\/www.farmakaire.com\/#\/schema\/logo\/image\/\"}}]}<\/script>\n<!-- \/ Yoast SEO plugin. -->","yoast_head_json":{"title":"Folipram | Farmakaire","robots":{"index":"index","follow":"follow","max-snippet":"max-snippet:-1","max-image-preview":"max-image-preview:large","max-video-preview":"max-video-preview:-1"},"canonical":"https:\/\/www.farmakaire.com\/ro\/folipram\/","og_locale":"ro_RO","og_type":"article","og_title":"Folipram | Farmakaire","og_description":"Folipram Folipram e un supliment pe baz\u0103 de Folat, vitamin\u0103 biologic activ\u0103, natural\u0103 \u0219i biodisponibil\u0103. Formula Quatrefolic\u00ae e cu totul inovatoare deoarece nu necesit\u0103 activ\u0103ri metabolice \u0219i se folose\u0219te rapid de toate propriet\u0103\u021bile benefice ale folatului pentru bun\u0103starea copiilor, adul\u021bilor \u0219i persoanelor \u00een v\u00e2rst\u0103. Ricevi la scheda tecnica LA CE E BUN Deficit de Fola\u021bi [&hellip;]","og_url":"https:\/\/www.farmakaire.com\/ro\/folipram\/","og_site_name":"Farmakaire","article_modified_time":"2022-08-22T10:25:10+00:00","og_image":[{"url":"https:\/\/www.farmakaire.com\/wp-content\/uploads\/2021\/12\/folipram_conf-1024x683.png","type":"","width":"","height":""}],"twitter_card":"summary_large_image","twitter_misc":{"Timp estimat pentru citire":"2 minute"},"schema":{"@context":"https:\/\/schema.org","@graph":[{"@type":"WebPage","@id":"https:\/\/www.farmakaire.com\/ro\/folipram\/","url":"https:\/\/www.farmakaire.com\/ro\/folipram\/","name":"Folipram | Farmakaire","isPartOf":{"@id":"https:\/\/www.farmakaire.com\/#website"},"primaryImageOfPage":{"@id":"https:\/\/www.farmakaire.com\/ro\/folipram\/#primaryimage"},"image":{"@id":"https:\/\/www.farmakaire.com\/ro\/folipram\/#primaryimage"},"thumbnailUrl":"https:\/\/www.farmakaire.com\/wp-content\/uploads\/2021\/12\/folipram_conf-1024x683.png","datePublished":"2021-12-27T08:57:46+00:00","dateModified":"2022-08-22T10:25:10+00:00","breadcrumb":{"@id":"https:\/\/www.farmakaire.com\/ro\/folipram\/#breadcrumb"},"inLanguage":"ro-RO","potentialAction":[{"@type":"ReadAction","target":["https:\/\/www.farmakaire.com\/ro\/folipram\/"]}]},{"@type":"ImageObject","inLanguage":"ro-RO","@id":"https:\/\/www.farmakaire.com\/ro\/folipram\/#primaryimage","url":"https:\/\/www.farmakaire.com\/wp-content\/uploads\/2021\/12\/folipram_conf-1024x683.png","contentUrl":"https:\/\/www.farmakaire.com\/wp-content\/uploads\/2021\/12\/folipram_conf-1024x683.png"},{"@type":"BreadcrumbList","@id":"https:\/\/www.farmakaire.com\/ro\/folipram\/#breadcrumb","itemListElement":[{"@type":"ListItem","position":1,"name":"Home","item":"https:\/\/www.farmakaire.com\/ro\/"},{"@type":"ListItem","position":2,"name":"Folipram"}]},{"@type":"WebSite","@id":"https:\/\/www.farmakaire.com\/#website","url":"https:\/\/www.farmakaire.com\/","name":"Farmakaire","description":"","publisher":{"@id":"https:\/\/www.farmakaire.com\/#organization"},"potentialAction":[{"@type":"SearchAction","target":{"@type":"EntryPoint","urlTemplate":"https:\/\/www.farmakaire.com\/?s={search_term_string}"},"query-input":{"@type":"PropertyValueSpecification","valueRequired":true,"valueName":"search_term_string"}}],"inLanguage":"ro-RO"},{"@type":"Organization","@id":"https:\/\/www.farmakaire.com\/#organization","name":"Farmakaire SRL","url":"https:\/\/www.farmakaire.com\/","logo":{"@type":"ImageObject","inLanguage":"ro-RO","@id":"https:\/\/www.farmakaire.com\/#\/schema\/logo\/image\/","url":"https:\/\/www.farmakaire.com\/wp-content\/uploads\/2021\/10\/logo.png","contentUrl":"https:\/\/www.farmakaire.com\/wp-content\/uploads\/2021\/10\/logo.png","width":782,"height":214,"caption":"Farmakaire SRL"},"image":{"@id":"https:\/\/www.farmakaire.com\/#\/schema\/logo\/image\/"}}]}},"_links":{"self":[{"href":"https:\/\/www.farmakaire.com\/ro\/wp-json\/wp\/v2\/pages\/1318","targetHints":{"allow":["GET"]}}],"collection":[{"href":"https:\/\/www.farmakaire.com\/ro\/wp-json\/wp\/v2\/pages"}],"about":[{"href":"https:\/\/www.farmakaire.com\/ro\/wp-json\/wp\/v2\/types\/page"}],"author":[{"embeddable":true,"href":"https:\/\/www.farmakaire.com\/ro\/wp-json\/wp\/v2\/users\/1"}],"replies":[{"embeddable":true,"href":"https:\/\/www.farmakaire.com\/ro\/wp-json\/wp\/v2\/comments?post=1318"}],"version-history":[{"count":52,"href":"https:\/\/www.farmakaire.com\/ro\/wp-json\/wp\/v2\/pages\/1318\/revisions"}],"predecessor-version":[{"id":2538,"href":"https:\/\/www.farmakaire.com\/ro\/wp-json\/wp\/v2\/pages\/1318\/revisions\/2538"}],"wp:attachment":[{"href":"https:\/\/www.farmakaire.com\/ro\/wp-json\/wp\/v2\/media?parent=1318"}],"curies":[{"name":"wp","href":"https:\/\/api.w.org\/{rel}","templated":true}]}}