{"id":1312,"date":"2021-12-27T08:51:41","date_gmt":"2021-12-27T08:51:41","guid":{"rendered":"https:\/\/www.farmakaire.com\/?page_id=1312"},"modified":"2022-08-22T12:25:33","modified_gmt":"2022-08-22T10:25:33","slug":"tensiopram","status":"publish","type":"page","link":"https:\/\/www.farmakaire.com\/ro\/tensiopram\/","title":{"rendered":"Tensiopram"},"content":{"rendered":"\t\t<div data-elementor-type=\"wp-page\" data-elementor-id=\"1312\" class=\"elementor elementor-1312\" data-elementor-post-type=\"page\">\n\t\t\t\t\t\t<section class=\"elementor-section elementor-top-section elementor-element elementor-element-6511389 elementor-section-height-min-height elementor-section-boxed elementor-section-height-default elementor-section-items-middle\" data-id=\"6511389\" data-element_type=\"section\" data-settings=\"{&quot;background_background&quot;:&quot;classic&quot;}\">\n\t\t\t\t\t\t\t<div class=\"elementor-background-overlay\"><\/div>\n\t\t\t\t\t\t\t<div class=\"elementor-container elementor-column-gap-default\">\n\t\t\t\t\t<div class=\"elementor-column elementor-col-50 elementor-top-column elementor-element elementor-element-43cdd3d\" data-id=\"43cdd3d\" data-element_type=\"column\">\n\t\t\t<div class=\"elementor-widget-wrap elementor-element-populated\">\n\t\t\t\t\t\t<div class=\"elementor-element elementor-element-3a7e303 animated-slow elementor-invisible elementor-widget elementor-widget-heading\" data-id=\"3a7e303\" data-element_type=\"widget\" data-settings=\"{&quot;_animation&quot;:&quot;fadeIn&quot;}\" data-widget_type=\"heading.default\">\n\t\t\t\t<div class=\"elementor-widget-container\">\n\t\t\t<h2 class=\"elementor-heading-title elementor-size-default\">Tensiopram\u00ae<\/h2>\t\t<\/div>\n\t\t\t\t<\/div>\n\t\t\t\t<div class=\"elementor-element elementor-element-a82457a elementor-widget elementor-widget-text-editor\" data-id=\"a82457a\" data-element_type=\"widget\" data-widget_type=\"text-editor.default\">\n\t\t\t\t<div class=\"elementor-widget-container\">\n\t\t\t\t\t\t\t<p>Tensiopram\u00ae e suplimentul nutraceutic formulat pentru a reg\u0103si starea de bine \u0219i somnul odihnitor \u0219i pentru a ameliora simptomele de anxietate \u0219i depresie.<\/p>\t\t\t\t\t\t<\/div>\n\t\t\t\t<\/div>\n\t\t\t\t<div class=\"elementor-element elementor-element-42a143a elementor-widget elementor-widget-button\" data-id=\"42a143a\" data-element_type=\"widget\" data-widget_type=\"button.default\">\n\t\t\t\t<div class=\"elementor-widget-container\">\n\t\t\t\t\t\t\t<div class=\"elementor-button-wrapper\">\n\t\t\t\t\t<a class=\"elementor-button elementor-button-link elementor-size-md\" href=\"#scheda\">\n\t\t\t\t\t\t<span class=\"elementor-button-content-wrapper\">\n\t\t\t\t\t\t\t\t\t<span class=\"elementor-button-text\">Ricevi la scheda tecnica<\/span>\n\t\t\t\t\t<\/span>\n\t\t\t\t\t<\/a>\n\t\t\t\t<\/div>\n\t\t\t\t\t\t<\/div>\n\t\t\t\t<\/div>\n\t\t\t\t\t<\/div>\n\t\t<\/div>\n\t\t\t\t<div class=\"elementor-column elementor-col-50 elementor-top-column elementor-element elementor-element-b7d5b8b\" data-id=\"b7d5b8b\" data-element_type=\"column\">\n\t\t\t<div class=\"elementor-widget-wrap elementor-element-populated\">\n\t\t\t\t\t\t<div class=\"elementor-element elementor-element-4f86a17 elementor-widget elementor-widget-image\" data-id=\"4f86a17\" data-element_type=\"widget\" data-widget_type=\"image.default\">\n\t\t\t\t<div class=\"elementor-widget-container\">\n\t\t\t\t\t\t\t\t\t\t\t\t\t<img fetchpriority=\"high\" decoding=\"async\" width=\"800\" height=\"545\" src=\"https:\/\/www.farmakaire.com\/wp-content\/uploads\/2021\/12\/tensiopram-prodotti.png\" class=\"attachment-large size-large wp-image-1040\" alt=\"tensiopram integratore stress psico fisico prodotto\" srcset=\"https:\/\/www.farmakaire.com\/wp-content\/uploads\/2021\/12\/tensiopram-prodotti.png 1015w, https:\/\/www.farmakaire.com\/wp-content\/uploads\/2021\/12\/tensiopram-prodotti-300x204.png 300w, https:\/\/www.farmakaire.com\/wp-content\/uploads\/2021\/12\/tensiopram-prodotti-768x523.png 768w\" sizes=\"(max-width: 800px) 100vw, 800px\" \/>\t\t\t\t\t\t\t\t\t\t\t\t\t<\/div>\n\t\t\t\t<\/div>\n\t\t\t\t\t<\/div>\n\t\t<\/div>\n\t\t\t\t\t<\/div>\n\t\t<\/section>\n\t\t\t\t<section class=\"elementor-section elementor-top-section elementor-element elementor-element-a8ba62f elementor-section-boxed elementor-section-height-default elementor-section-height-default\" data-id=\"a8ba62f\" data-element_type=\"section\">\n\t\t\t\t\t\t<div class=\"elementor-container elementor-column-gap-default\">\n\t\t\t\t\t<div class=\"elementor-column elementor-col-100 elementor-top-column elementor-element elementor-element-ba83981\" data-id=\"ba83981\" data-element_type=\"column\">\n\t\t\t<div class=\"elementor-widget-wrap elementor-element-populated\">\n\t\t\t\t\t\t<div class=\"elementor-element elementor-element-b78b4b4 elementor-widget elementor-widget-heading\" data-id=\"b78b4b4\" data-element_type=\"widget\" data-widget_type=\"heading.default\">\n\t\t\t\t<div class=\"elementor-widget-container\">\n\t\t\t<h2 class=\"elementor-heading-title elementor-size-default\">LA CE E BUN<\/h2>\t\t<\/div>\n\t\t\t\t<\/div>\n\t\t\t\t\t<\/div>\n\t\t<\/div>\n\t\t\t\t\t<\/div>\n\t\t<\/section>\n\t\t\t\t<section class=\"elementor-section elementor-top-section elementor-element elementor-element-c611792 elementor-section-boxed elementor-section-height-default elementor-section-height-default\" data-id=\"c611792\" data-element_type=\"section\">\n\t\t\t\t\t\t<div class=\"elementor-container elementor-column-gap-default\">\n\t\t\t\t\t<div class=\"elementor-column elementor-col-50 elementor-top-column elementor-element elementor-element-7164a44\" data-id=\"7164a44\" data-element_type=\"column\">\n\t\t\t<div class=\"elementor-widget-wrap elementor-element-populated\">\n\t\t\t\t\t\t<div class=\"elementor-element elementor-element-d2e816d elementor-widget elementor-widget-heading\" data-id=\"d2e816d\" data-element_type=\"widget\" data-widget_type=\"heading.default\">\n\t\t\t\t<div class=\"elementor-widget-container\">\n\t\t\t<h2 class=\"elementor-heading-title elementor-size-default\">Deregl\u0103ri ale dispozi\u021biei \u0219i stres<br> <h1 style=\"color:#58B94A;font-family:'Montserrat' font-weight: 500;font-size: 20px\">\u00cencrede-te \u00een \u0219ofranul ro\u0219u, vitamina d3 \u0219i fola\u021bi<\/h1><\/h2>\t\t<\/div>\n\t\t\t\t<\/div>\n\t\t\t\t<div class=\"elementor-element elementor-element-82e2184 elementor-widget elementor-widget-text-editor\" data-id=\"82e2184\" data-element_type=\"widget\" data-widget_type=\"text-editor.default\">\n\t\t\t\t<div class=\"elementor-widget-container\">\n\t\t\t\t\t\t\t<p>Familie, cas\u0103, lucru, studiu: via\u021ba e f\u0103cut\u0103 din angajamente ce nu pot fi am\u00e2nate \u0219i ce pot fi un adev\u0103rat test pentru starea ta emo\u021bional\u0103! Stresul \u0219i starea de r\u0103u sunt simptome comune \u00een zilele noastre, dar le po\u021bi combate cu ajutorul remediilor naturale \u0219i sigure.<\/p><p>Folosim doar stigmate de <strong>\u0219ofran ro\u0219u de \u00eenalt\u0103 calitate, vitamina D3 \u0219i fola\u021bi naturali<\/strong>. Aceste ingrediente sunt antidepresive eficiente \u0219i nu sunt artificiale.<\/p>\t\t\t\t\t\t<\/div>\n\t\t\t\t<\/div>\n\t\t\t\t\t<\/div>\n\t\t<\/div>\n\t\t\t\t<div class=\"elementor-column elementor-col-50 elementor-top-column elementor-element elementor-element-01692a7\" data-id=\"01692a7\" data-element_type=\"column\">\n\t\t\t<div class=\"elementor-widget-wrap elementor-element-populated\">\n\t\t\t\t\t\t<div class=\"elementor-element elementor-element-35b8a1b elementor-widget elementor-widget-heading\" data-id=\"35b8a1b\" data-element_type=\"widget\" data-widget_type=\"heading.default\">\n\t\t\t\t<div class=\"elementor-widget-container\">\n\t\t\t<h2 class=\"elementor-heading-title elementor-size-default\">Insomnia<br><h1 style=\"color:#58B94A;font-family:'Montserrat' font-weight: 500;font-size: 20px\">Puterea valerianei \u0219i melatoninei<\/h1><\/h2>\t\t<\/div>\n\t\t\t\t<\/div>\n\t\t\t\t<div class=\"elementor-element elementor-element-e4d5cda elementor-widget elementor-widget-text-editor\" data-id=\"e4d5cda\" data-element_type=\"widget\" data-widget_type=\"text-editor.default\">\n\t\t\t\t<div class=\"elementor-widget-container\">\n\t\t\t\t\t\t\t<p>Tensiopram\u00ae con\u021bine ingredientele potrivite pentru a combate insomnia \u0219i problemele cu somnul.<\/p><p><strong>Valeriana e una din acestea<\/strong>: remediu natural antic, \u00eencurajeaz\u0103 relaxarea \u0219i, dac\u0103 e administrat\u0103 \u00eenainte de culcare, te poate ajuta s\u0103 recape\u021bi un somn odihnitor.<\/p><p>\u0218i <strong>Melatonina<\/strong> e foarte util\u0103! La \u00eentoarcerea dintr-o c\u0103l\u0103torie sau \u00een perioade deosebit de stresante ajut\u0103 la rec\u0103p\u0103tarea somnului \u0219i la restabilirea ciclului bun somn-nesomn, garant\u00e2ndu-\u021bi impulsul de energie zilnic.<\/p>\t\t\t\t\t\t<\/div>\n\t\t\t\t<\/div>\n\t\t\t\t\t<\/div>\n\t\t<\/div>\n\t\t\t\t\t<\/div>\n\t\t<\/section>\n\t\t\t\t<section class=\"elementor-section elementor-top-section elementor-element elementor-element-f793d16 elementor-section-boxed elementor-section-height-default elementor-section-height-default\" data-id=\"f793d16\" data-element_type=\"section\" id=\"form\">\n\t\t\t\t\t\t<div class=\"elementor-container elementor-column-gap-default\">\n\t\t\t\t\t<div class=\"elementor-column elementor-col-50 elementor-top-column elementor-element elementor-element-aebdc9f\" data-id=\"aebdc9f\" data-element_type=\"column\">\n\t\t\t<div class=\"elementor-widget-wrap elementor-element-populated\">\n\t\t\t\t\t\t<div class=\"elementor-element elementor-element-2ed68ae elementor-widget elementor-widget-heading\" data-id=\"2ed68ae\" data-element_type=\"widget\" data-widget_type=\"heading.default\">\n\t\t\t\t<div class=\"elementor-widget-container\">\n\t\t\t<h2 class=\"elementor-heading-title elementor-size-default\">Anxietate \u0219i atacuri de panic\u0103<br> <h1 style=\"color:#58B94A;font-family:'Montserrat' font-weight: 500;font-size: 20px\">Combate-le cu L-Teanina<\/h1><\/h2>\t\t<\/div>\n\t\t\t\t<\/div>\n\t\t\t\t<div class=\"elementor-element elementor-element-6ebe3bd elementor-widget elementor-widget-text-editor\" data-id=\"6ebe3bd\" data-element_type=\"widget\" data-widget_type=\"text-editor.default\">\n\t\t\t\t<div class=\"elementor-widget-container\">\n\t\t\t\t\t\t\t<p>Tensiopram\u00ae poate s\u0103 ofere un sprijin valid dac\u0103 suferi de atacuri de panic\u0103 sau de st\u0103ri de anxietate recurente.<\/p><p><strong>L-Teanina<\/strong> con\u021binut\u0103 \u00een produs cre\u0219te nivelurile de GABA din creier, neurotransmi\u021b\u0103torul ce \u00eencurajeaz\u0103 relaxarea. Pe deasupra, joac\u0103 un rol important \u00een sinteza dopaminei, ce provoac\u0103 starea de bine \u0219i combate st\u0103rile de depresie.<\/p><p>Pentru a-\u021bi \u00eembun\u0103t\u0103\u021bi starea folose\u0219te Tensiopram\u00ae \u00eempreun\u0103 cu o alimenta\u021bie corespunz\u0103toare \u0219i un stil de via\u021b\u0103 s\u0103n\u0103tos!<\/p>\t\t\t\t\t\t<\/div>\n\t\t\t\t<\/div>\n\t\t\t\t\t<\/div>\n\t\t<\/div>\n\t\t\t\t<div class=\"elementor-column elementor-col-50 elementor-top-column elementor-element elementor-element-da23173\" data-id=\"da23173\" data-element_type=\"column\" data-settings=\"{&quot;background_background&quot;:&quot;classic&quot;}\">\n\t\t\t<div class=\"elementor-widget-wrap elementor-element-populated\">\n\t\t\t\t\t\t<div class=\"elementor-element elementor-element-b176c94 elementor-widget elementor-widget-heading\" data-id=\"b176c94\" data-element_type=\"widget\" data-widget_type=\"heading.default\">\n\t\t\t\t<div class=\"elementor-widget-container\">\n\t\t\t<h2 class=\"elementor-heading-title elementor-size-default\">Vrei s\u0103 afli mai multe?<br>\n<h1 style=\"color:white;font-family:'Montserrat' font-weight: 500;font-size: 28px\">Adaug\u0103 aici informa\u021biile tale!<\/h2>\t\t<\/div>\n\t\t\t\t<\/div>\n\t\t\t\t<div class=\"elementor-element elementor-element-31c7c46 elementor-widget elementor-widget-text-editor\" data-id=\"31c7c46\" data-element_type=\"widget\" data-widget_type=\"text-editor.default\">\n\t\t\t\t<div class=\"elementor-widget-container\">\n\t\t\t\t\t\t\t<p>Unul din exper\u021bii no\u0219tri te va contacta cu mai multe informa\u021bii despre produs \u0219i \u00ee\u021bi va r\u0103spunde la toate \u00eentreb\u0103rile.<\/p>\t\t\t\t\t\t<\/div>\n\t\t\t\t<\/div>\n\t\t\t\t<div class=\"elementor-element elementor-element-168e851 elementor-button-align-center elementor-widget elementor-widget-form\" data-id=\"168e851\" data-element_type=\"widget\" data-settings=\"{&quot;step_next_label&quot;:&quot;Next&quot;,&quot;step_previous_label&quot;:&quot;Previous&quot;,&quot;button_width&quot;:&quot;100&quot;,&quot;step_type&quot;:&quot;number_text&quot;,&quot;step_icon_shape&quot;:&quot;circle&quot;}\" data-widget_type=\"form.default\">\n\t\t\t\t<div class=\"elementor-widget-container\">\n\t\t\t\t\t<form class=\"elementor-form\" method=\"post\" name=\"New Form\">\n\t\t\t<input type=\"hidden\" name=\"post_id\" value=\"1312\"\/>\n\t\t\t<input type=\"hidden\" name=\"form_id\" value=\"168e851\"\/>\n\t\t\t<input type=\"hidden\" name=\"referer_title\" value=\"Farmakaire\" \/>\n\n\t\t\t\n\t\t\t<div class=\"elementor-form-fields-wrapper elementor-labels-\">\n\t\t\t\t\t\t\t\t<div class=\"elementor-field-type-text elementor-field-group elementor-column elementor-field-group-name elementor-col-100 elementor-field-required\">\n\t\t\t\t\t\t\t\t\t\t\t\t\t<input size=\"1\" type=\"text\" name=\"form_fields[name]\" id=\"form-field-name\" class=\"elementor-field elementor-size-md  elementor-field-textual\" placeholder=\"Nume\" required=\"required\" aria-required=\"true\">\n\t\t\t\t\t\t\t\t\t\t\t<\/div>\n\t\t\t\t\t\t\t\t<div class=\"elementor-field-type-email elementor-field-group elementor-column elementor-field-group-email elementor-col-100 elementor-field-required\">\n\t\t\t\t\t\t\t\t\t\t\t\t\t<input size=\"1\" type=\"email\" name=\"form_fields[email]\" id=\"form-field-email\" class=\"elementor-field elementor-size-md  elementor-field-textual\" placeholder=\"E-mail\" required=\"required\" aria-required=\"true\">\n\t\t\t\t\t\t\t\t\t\t\t<\/div>\n\t\t\t\t\t\t\t\t<div class=\"elementor-field-type-textarea elementor-field-group elementor-column elementor-field-group-message elementor-col-100\">\n\t\t\t\t\t<textarea class=\"elementor-field-textual elementor-field  elementor-size-md\" name=\"form_fields[message]\" id=\"form-field-message\" rows=\"4\" placeholder=\"Mesaj (optional)\"><\/textarea>\t\t\t\t<\/div>\n\t\t\t\t\t\t\t\t<div class=\"elementor-field-group elementor-column elementor-field-type-submit elementor-col-100 e-form__buttons\">\n\t\t\t\t\t<button type=\"submit\" class=\"elementor-button elementor-size-md\">\n\t\t\t\t\t\t<span >\n\t\t\t\t\t\t\t\t\t\t\t\t\t\t\t<span class=\" elementor-button-icon\">\n\t\t\t\t\t\t\t\t\t\t\t\t\t\t\t\t\t\t\t\t\t\t\t\t\t\t<\/span>\n\t\t\t\t\t\t\t\t\t\t\t\t\t\t\t\t\t\t\t\t\t\t<span class=\"elementor-button-text\">Send<\/span>\n\t\t\t\t\t\t\t\t\t\t\t\t\t<\/span>\n\t\t\t\t\t<\/button>\n\t\t\t\t<\/div>\n\t\t\t<\/div>\n\t\t<\/form>\n\t\t\t\t<\/div>\n\t\t\t\t<\/div>\n\t\t\t\t\t<\/div>\n\t\t<\/div>\n\t\t\t\t\t<\/div>\n\t\t<\/section>\n\t\t\t\t<section class=\"elementor-section elementor-top-section elementor-element elementor-element-7767951 elementor-section-boxed elementor-section-height-default elementor-section-height-default\" data-id=\"7767951\" data-element_type=\"section\" data-settings=\"{&quot;background_background&quot;:&quot;video&quot;}\">\n\t\t\t\t\t\t<div class=\"elementor-container elementor-column-gap-default\">\n\t\t\t\t\t<div class=\"elementor-column elementor-col-100 elementor-top-column elementor-element elementor-element-be337c8\" data-id=\"be337c8\" data-element_type=\"column\">\n\t\t\t<div class=\"elementor-widget-wrap elementor-element-populated\">\n\t\t\t\t\t\t<div class=\"elementor-element elementor-element-cdbc081 elementor-hidden-mobile elementor-hidden-desktop elementor-hidden-tablet elementor-widget elementor-widget-video\" data-id=\"cdbc081\" data-element_type=\"widget\" data-settings=\"{&quot;video_type&quot;:&quot;hosted&quot;,&quot;show_image_overlay&quot;:&quot;yes&quot;,&quot;image_overlay&quot;:{&quot;url&quot;:&quot;https:\\\/\\\/www.farmakaire.com\\\/wp-content\\\/uploads\\\/2021\\\/12\\\/QR-Tensiopram-Landscape_11.jpg&quot;,&quot;id&quot;:986,&quot;size&quot;:&quot;&quot;,&quot;alt&quot;:&quot;&quot;,&quot;source&quot;:&quot;library&quot;}}\" data-widget_type=\"video.default\">\n\t\t\t\t<div class=\"elementor-widget-container\">\n\t\t\t\t\t<div class=\"e-hosted-video elementor-wrapper elementor-open-inline\">\n\t\t\t\t\t<video class=\"elementor-video\" src=\"https:\/\/www.farmakaire.com\/wp-content\/uploads\/2021\/11\/Video-Tensuopra.mp4\" preload=\"metadata\" controlsList=\"nodownload\"><\/video>\n\t\t\t\t\t\t<div class=\"elementor-custom-embed-image-overlay\" style=\"background-image: url(https:\/\/www.farmakaire.com\/wp-content\/uploads\/2021\/12\/QR-Tensiopram-Landscape_11.jpg);\">\n\t\t\t\t\t\t\t\t\t\t\t\t\t\t\t\t<div class=\"elementor-custom-embed-play\" role=\"button\" aria-label=\"Ruleaz\u0103 videoul\" tabindex=\"0\">\n\t\t\t\t\t\t\t<i aria-hidden=\"true\" class=\"eicon-play\"><\/i>\t\t\t\t\t\t\t<span class=\"elementor-screen-only\">Ruleaz\u0103 videoul<\/span>\n\t\t\t\t\t\t<\/div>\n\t\t\t\t\t\t\t\t\t<\/div>\n\t\t\t\t\t<\/div>\n\t\t\t\t<\/div>\n\t\t\t\t<\/div>\n\t\t\t\t\t<\/div>\n\t\t<\/div>\n\t\t\t\t\t<\/div>\n\t\t<\/section>\n\t\t\t\t<\/div>\n\t\t","protected":false},"excerpt":{"rendered":"<p>Tensiopram\u00ae Tensiopram\u00ae e suplimentul nutraceutic formulat pentru a reg\u0103si starea de bine \u0219i somnul odihnitor \u0219i pentru a ameliora simptomele de anxietate \u0219i depresie. Ricevi la scheda tecnica LA CE E BUN Deregl\u0103ri ale dispozi\u021biei \u0219i stres \u00cencrede-te \u00een \u0219ofranul ro\u0219u, vitamina d3 \u0219i fola\u021bi Familie, cas\u0103, lucru, studiu: via\u021ba e f\u0103cut\u0103 din angajamente ce [&hellip;]<\/p>\n","protected":false},"author":1,"featured_media":0,"parent":0,"menu_order":0,"comment_status":"closed","ping_status":"closed","template":"","meta":{"footnotes":""},"class_list":["post-1312","page","type-page","status-publish","hentry"],"yoast_head":"<!-- This site is optimized with the Yoast SEO plugin v24.0 - https:\/\/yoast.com\/wordpress\/plugins\/seo\/ -->\n<title>Tensiopram | Farmakaire<\/title>\n<meta name=\"robots\" content=\"index, follow, max-snippet:-1, max-image-preview:large, max-video-preview:-1\" \/>\n<link rel=\"canonical\" href=\"https:\/\/www.farmakaire.com\/ro\/tensiopram\/\" \/>\n<meta property=\"og:locale\" content=\"ro_RO\" \/>\n<meta property=\"og:type\" content=\"article\" \/>\n<meta property=\"og:title\" content=\"Tensiopram | Farmakaire\" \/>\n<meta property=\"og:description\" content=\"Tensiopram\u00ae Tensiopram\u00ae e suplimentul nutraceutic formulat pentru a reg\u0103si starea de bine \u0219i somnul odihnitor \u0219i pentru a ameliora simptomele de anxietate \u0219i depresie. Ricevi la scheda tecnica LA CE E BUN Deregl\u0103ri ale dispozi\u021biei \u0219i stres \u00cencrede-te \u00een \u0219ofranul ro\u0219u, vitamina d3 \u0219i fola\u021bi Familie, cas\u0103, lucru, studiu: via\u021ba e f\u0103cut\u0103 din angajamente ce [&hellip;]\" \/>\n<meta property=\"og:url\" content=\"https:\/\/www.farmakaire.com\/ro\/tensiopram\/\" \/>\n<meta property=\"og:site_name\" content=\"Farmakaire\" \/>\n<meta property=\"article:modified_time\" content=\"2022-08-22T10:25:33+00:00\" \/>\n<meta property=\"og:image\" content=\"https:\/\/www.farmakaire.com\/wp-content\/uploads\/2021\/12\/tensiopram-prodotti.png\" \/>\n<meta name=\"twitter:card\" content=\"summary_large_image\" \/>\n<meta name=\"twitter:label1\" content=\"Timp estimat pentru citire\" \/>\n\t<meta name=\"twitter:data1\" content=\"2 minute\" \/>\n<script type=\"application\/ld+json\" class=\"yoast-schema-graph\">{\"@context\":\"https:\/\/schema.org\",\"@graph\":[{\"@type\":\"WebPage\",\"@id\":\"https:\/\/www.farmakaire.com\/ro\/tensiopram\/\",\"url\":\"https:\/\/www.farmakaire.com\/ro\/tensiopram\/\",\"name\":\"Tensiopram | Farmakaire\",\"isPartOf\":{\"@id\":\"https:\/\/www.farmakaire.com\/#website\"},\"primaryImageOfPage\":{\"@id\":\"https:\/\/www.farmakaire.com\/ro\/tensiopram\/#primaryimage\"},\"image\":{\"@id\":\"https:\/\/www.farmakaire.com\/ro\/tensiopram\/#primaryimage\"},\"thumbnailUrl\":\"https:\/\/www.farmakaire.com\/wp-content\/uploads\/2021\/12\/tensiopram-prodotti.png\",\"datePublished\":\"2021-12-27T08:51:41+00:00\",\"dateModified\":\"2022-08-22T10:25:33+00:00\",\"breadcrumb\":{\"@id\":\"https:\/\/www.farmakaire.com\/ro\/tensiopram\/#breadcrumb\"},\"inLanguage\":\"ro-RO\",\"potentialAction\":[{\"@type\":\"ReadAction\",\"target\":[\"https:\/\/www.farmakaire.com\/ro\/tensiopram\/\"]}]},{\"@type\":\"ImageObject\",\"inLanguage\":\"ro-RO\",\"@id\":\"https:\/\/www.farmakaire.com\/ro\/tensiopram\/#primaryimage\",\"url\":\"https:\/\/www.farmakaire.com\/wp-content\/uploads\/2021\/12\/tensiopram-prodotti.png\",\"contentUrl\":\"https:\/\/www.farmakaire.com\/wp-content\/uploads\/2021\/12\/tensiopram-prodotti.png\"},{\"@type\":\"BreadcrumbList\",\"@id\":\"https:\/\/www.farmakaire.com\/ro\/tensiopram\/#breadcrumb\",\"itemListElement\":[{\"@type\":\"ListItem\",\"position\":1,\"name\":\"Home\",\"item\":\"https:\/\/www.farmakaire.com\/ro\/\"},{\"@type\":\"ListItem\",\"position\":2,\"name\":\"Tensiopram\"}]},{\"@type\":\"WebSite\",\"@id\":\"https:\/\/www.farmakaire.com\/#website\",\"url\":\"https:\/\/www.farmakaire.com\/\",\"name\":\"Farmakaire\",\"description\":\"\",\"publisher\":{\"@id\":\"https:\/\/www.farmakaire.com\/#organization\"},\"potentialAction\":[{\"@type\":\"SearchAction\",\"target\":{\"@type\":\"EntryPoint\",\"urlTemplate\":\"https:\/\/www.farmakaire.com\/?s={search_term_string}\"},\"query-input\":{\"@type\":\"PropertyValueSpecification\",\"valueRequired\":true,\"valueName\":\"search_term_string\"}}],\"inLanguage\":\"ro-RO\"},{\"@type\":\"Organization\",\"@id\":\"https:\/\/www.farmakaire.com\/#organization\",\"name\":\"Farmakaire SRL\",\"url\":\"https:\/\/www.farmakaire.com\/\",\"logo\":{\"@type\":\"ImageObject\",\"inLanguage\":\"ro-RO\",\"@id\":\"https:\/\/www.farmakaire.com\/#\/schema\/logo\/image\/\",\"url\":\"https:\/\/www.farmakaire.com\/wp-content\/uploads\/2021\/10\/logo.png\",\"contentUrl\":\"https:\/\/www.farmakaire.com\/wp-content\/uploads\/2021\/10\/logo.png\",\"width\":782,\"height\":214,\"caption\":\"Farmakaire SRL\"},\"image\":{\"@id\":\"https:\/\/www.farmakaire.com\/#\/schema\/logo\/image\/\"}}]}<\/script>\n<!-- \/ Yoast SEO plugin. -->","yoast_head_json":{"title":"Tensiopram | Farmakaire","robots":{"index":"index","follow":"follow","max-snippet":"max-snippet:-1","max-image-preview":"max-image-preview:large","max-video-preview":"max-video-preview:-1"},"canonical":"https:\/\/www.farmakaire.com\/ro\/tensiopram\/","og_locale":"ro_RO","og_type":"article","og_title":"Tensiopram | Farmakaire","og_description":"Tensiopram\u00ae Tensiopram\u00ae e suplimentul nutraceutic formulat pentru a reg\u0103si starea de bine \u0219i somnul odihnitor \u0219i pentru a ameliora simptomele de anxietate \u0219i depresie. Ricevi la scheda tecnica LA CE E BUN Deregl\u0103ri ale dispozi\u021biei \u0219i stres \u00cencrede-te \u00een \u0219ofranul ro\u0219u, vitamina d3 \u0219i fola\u021bi Familie, cas\u0103, lucru, studiu: via\u021ba e f\u0103cut\u0103 din angajamente ce [&hellip;]","og_url":"https:\/\/www.farmakaire.com\/ro\/tensiopram\/","og_site_name":"Farmakaire","article_modified_time":"2022-08-22T10:25:33+00:00","og_image":[{"url":"https:\/\/www.farmakaire.com\/wp-content\/uploads\/2021\/12\/tensiopram-prodotti.png","type":"","width":"","height":""}],"twitter_card":"summary_large_image","twitter_misc":{"Timp estimat pentru citire":"2 minute"},"schema":{"@context":"https:\/\/schema.org","@graph":[{"@type":"WebPage","@id":"https:\/\/www.farmakaire.com\/ro\/tensiopram\/","url":"https:\/\/www.farmakaire.com\/ro\/tensiopram\/","name":"Tensiopram | Farmakaire","isPartOf":{"@id":"https:\/\/www.farmakaire.com\/#website"},"primaryImageOfPage":{"@id":"https:\/\/www.farmakaire.com\/ro\/tensiopram\/#primaryimage"},"image":{"@id":"https:\/\/www.farmakaire.com\/ro\/tensiopram\/#primaryimage"},"thumbnailUrl":"https:\/\/www.farmakaire.com\/wp-content\/uploads\/2021\/12\/tensiopram-prodotti.png","datePublished":"2021-12-27T08:51:41+00:00","dateModified":"2022-08-22T10:25:33+00:00","breadcrumb":{"@id":"https:\/\/www.farmakaire.com\/ro\/tensiopram\/#breadcrumb"},"inLanguage":"ro-RO","potentialAction":[{"@type":"ReadAction","target":["https:\/\/www.farmakaire.com\/ro\/tensiopram\/"]}]},{"@type":"ImageObject","inLanguage":"ro-RO","@id":"https:\/\/www.farmakaire.com\/ro\/tensiopram\/#primaryimage","url":"https:\/\/www.farmakaire.com\/wp-content\/uploads\/2021\/12\/tensiopram-prodotti.png","contentUrl":"https:\/\/www.farmakaire.com\/wp-content\/uploads\/2021\/12\/tensiopram-prodotti.png"},{"@type":"BreadcrumbList","@id":"https:\/\/www.farmakaire.com\/ro\/tensiopram\/#breadcrumb","itemListElement":[{"@type":"ListItem","position":1,"name":"Home","item":"https:\/\/www.farmakaire.com\/ro\/"},{"@type":"ListItem","position":2,"name":"Tensiopram"}]},{"@type":"WebSite","@id":"https:\/\/www.farmakaire.com\/#website","url":"https:\/\/www.farmakaire.com\/","name":"Farmakaire","description":"","publisher":{"@id":"https:\/\/www.farmakaire.com\/#organization"},"potentialAction":[{"@type":"SearchAction","target":{"@type":"EntryPoint","urlTemplate":"https:\/\/www.farmakaire.com\/?s={search_term_string}"},"query-input":{"@type":"PropertyValueSpecification","valueRequired":true,"valueName":"search_term_string"}}],"inLanguage":"ro-RO"},{"@type":"Organization","@id":"https:\/\/www.farmakaire.com\/#organization","name":"Farmakaire SRL","url":"https:\/\/www.farmakaire.com\/","logo":{"@type":"ImageObject","inLanguage":"ro-RO","@id":"https:\/\/www.farmakaire.com\/#\/schema\/logo\/image\/","url":"https:\/\/www.farmakaire.com\/wp-content\/uploads\/2021\/10\/logo.png","contentUrl":"https:\/\/www.farmakaire.com\/wp-content\/uploads\/2021\/10\/logo.png","width":782,"height":214,"caption":"Farmakaire SRL"},"image":{"@id":"https:\/\/www.farmakaire.com\/#\/schema\/logo\/image\/"}}]}},"_links":{"self":[{"href":"https:\/\/www.farmakaire.com\/ro\/wp-json\/wp\/v2\/pages\/1312","targetHints":{"allow":["GET"]}}],"collection":[{"href":"https:\/\/www.farmakaire.com\/ro\/wp-json\/wp\/v2\/pages"}],"about":[{"href":"https:\/\/www.farmakaire.com\/ro\/wp-json\/wp\/v2\/types\/page"}],"author":[{"embeddable":true,"href":"https:\/\/www.farmakaire.com\/ro\/wp-json\/wp\/v2\/users\/1"}],"replies":[{"embeddable":true,"href":"https:\/\/www.farmakaire.com\/ro\/wp-json\/wp\/v2\/comments?post=1312"}],"version-history":[{"count":49,"href":"https:\/\/www.farmakaire.com\/ro\/wp-json\/wp\/v2\/pages\/1312\/revisions"}],"predecessor-version":[{"id":2544,"href":"https:\/\/www.farmakaire.com\/ro\/wp-json\/wp\/v2\/pages\/1312\/revisions\/2544"}],"wp:attachment":[{"href":"https:\/\/www.farmakaire.com\/ro\/wp-json\/wp\/v2\/media?parent=1312"}],"curies":[{"name":"wp","href":"https:\/\/api.w.org\/{rel}","templated":true}]}}